{"id":411,"date":"2020-04-21T11:11:31","date_gmt":"2020-04-21T15:11:31","guid":{"rendered":"http:\/\/erables.ca\/teracon.ca?page_id=411"},"modified":"2021-11-24T09:46:24","modified_gmt":"2021-11-24T14:46:24","slug":"contact","status":"publish","type":"page","link":"https:\/\/teracon.ca\/en\/contact\/","title":{"rendered":"Contact"},"content":{"rendered":"<div id=\"cs-content\" class=\"cs-content\"><\/div>\n","protected":false},"excerpt":{"rendered":"<p>GET IN TOUCH!To reach our customer service department or to send us an email. Head Office8760, Pascal-GagnonMontreal, (Quebec) H1P 1Z3 Tel. : 514-355-8500 Fax. : 514-355-8589 Your name (required) Your Email (required) Phone number Subject Your Message Please prove you are human by selecting the plane. PARTNERSTeracon Property Management surrounds itself with strategic partners who offer it the flexibility and &#8230; <\/p>\n<div><a href=\"https:\/\/teracon.ca\/en\/contact\/\" class=\"more-link\">Read More<\/a><\/div>\n","protected":false},"author":1,"featured_media":0,"parent":0,"menu_order":0,"comment_status":"closed","ping_status":"closed","template":"template-blank-4.php","meta":{"footnotes":""},"class_list":["post-411","page","type-page","status-publish","hentry","no-post-thumbnail"],"yoast_head":"<!-- This site is optimized with the Yoast SEO plugin v27.5 - https:\/\/yoast.com\/product\/yoast-seo-wordpress\/ -->\n<title>Contact - TERACON<\/title>\n<meta name=\"robots\" content=\"index, follow, max-snippet:-1, max-image-preview:large, max-video-preview:-1\" \/>\n<link rel=\"canonical\" href=\"https:\/\/teracon.ca\/en\/contact\/\" \/>\n<meta property=\"og:locale\" content=\"en_US\" \/>\n<meta property=\"og:type\" content=\"article\" \/>\n<meta property=\"og:title\" content=\"Contact - TERACON\" \/>\n<meta property=\"og:description\" content=\"GET IN TOUCH!To reach our customer service department or to send us an email. Head Office8760, Pascal-GagnonMontreal, (Quebec) H1P 1Z3 Tel. : 514-355-8500 Fax. : 514-355-8589 Your name (required) Your Email (required) Phone number Subject Your Message Please prove you are human by selecting the plane. PARTNERSTeracon Property Management surrounds itself with strategic partners who offer it the flexibility and ... Read More\" \/>\n<meta property=\"og:url\" content=\"https:\/\/teracon.ca\/en\/contact\/\" \/>\n<meta property=\"og:site_name\" content=\"TERACON\" \/>\n<meta property=\"article:publisher\" content=\"https:\/\/www.facebook.com\/TeraconGestionimmobiliere\" \/>\n<meta property=\"article:modified_time\" content=\"2021-11-24T14:46:24+00:00\" \/>\n<meta property=\"og:image\" content=\"https:\/\/teracon.ca\/wp-content\/uploads\/2020\/02\/LogoTeracon_750px.gif\" \/>\n\t<meta property=\"og:image:width\" content=\"750\" \/>\n\t<meta property=\"og:image:height\" content=\"250\" \/>\n\t<meta property=\"og:image:type\" content=\"image\/gif\" \/>\n<meta name=\"twitter:card\" content=\"summary_large_image\" \/>\n<meta name=\"twitter:site\" content=\"@gesteracon\" \/>\n<meta name=\"twitter:label1\" content=\"Est. reading time\" \/>\n\t<meta name=\"twitter:data1\" content=\"1 minute\" \/>\n<script type=\"application\/ld+json\" class=\"yoast-schema-graph\">{\"@context\":\"https:\\\/\\\/schema.org\",\"@graph\":[{\"@type\":\"WebPage\",\"@id\":\"https:\\\/\\\/teracon.ca\\\/en\\\/contact\\\/\",\"url\":\"https:\\\/\\\/teracon.ca\\\/en\\\/contact\\\/\",\"name\":\"Contact - TERACON\",\"isPartOf\":{\"@id\":\"https:\\\/\\\/teracon.ca\\\/en\\\/#website\"},\"datePublished\":\"2020-04-21T15:11:31+00:00\",\"dateModified\":\"2021-11-24T14:46:24+00:00\",\"breadcrumb\":{\"@id\":\"https:\\\/\\\/teracon.ca\\\/en\\\/contact\\\/#breadcrumb\"},\"inLanguage\":\"en-US\",\"potentialAction\":[{\"@type\":\"ReadAction\",\"target\":[\"https:\\\/\\\/teracon.ca\\\/en\\\/contact\\\/\"]}]},{\"@type\":\"BreadcrumbList\",\"@id\":\"https:\\\/\\\/teracon.ca\\\/en\\\/contact\\\/#breadcrumb\",\"itemListElement\":[{\"@type\":\"ListItem\",\"position\":1,\"name\":\"Accueil\",\"item\":\"https:\\\/\\\/teracon.ca\\\/en\\\/home\\\/\"},{\"@type\":\"ListItem\",\"position\":2,\"name\":\"Contact\"}]},{\"@type\":\"WebSite\",\"@id\":\"https:\\\/\\\/teracon.ca\\\/en\\\/#website\",\"url\":\"https:\\\/\\\/teracon.ca\\\/en\\\/\",\"name\":\"TERACON\",\"description\":\"Nous donnons aux investisseurs immobiliers le temps et la capacit\u00e9 de poursuivre leurs r\u00eaves en leur fournissant de l\u2019information de qualit\u00e9, une vision strat\u00e9gique et des services de gestion immobili\u00e8re sur mesure et professionnels.\",\"publisher\":{\"@id\":\"https:\\\/\\\/teracon.ca\\\/en\\\/#organization\"},\"potentialAction\":[{\"@type\":\"SearchAction\",\"target\":{\"@type\":\"EntryPoint\",\"urlTemplate\":\"https:\\\/\\\/teracon.ca\\\/en\\\/?s={search_term_string}\"},\"query-input\":{\"@type\":\"PropertyValueSpecification\",\"valueRequired\":true,\"valueName\":\"search_term_string\"}}],\"inLanguage\":\"en-US\"},{\"@type\":\"Organization\",\"@id\":\"https:\\\/\\\/teracon.ca\\\/en\\\/#organization\",\"name\":\"Teracon Gestion Immobili\u00e8re\",\"url\":\"https:\\\/\\\/teracon.ca\\\/en\\\/\",\"logo\":{\"@type\":\"ImageObject\",\"inLanguage\":\"en-US\",\"@id\":\"https:\\\/\\\/teracon.ca\\\/en\\\/#\\\/schema\\\/logo\\\/image\\\/\",\"url\":\"https:\\\/\\\/teracon.ca\\\/wp-content\\\/uploads\\\/2020\\\/02\\\/LogoTeracon_750px.gif\",\"contentUrl\":\"https:\\\/\\\/teracon.ca\\\/wp-content\\\/uploads\\\/2020\\\/02\\\/LogoTeracon_750px.gif\",\"width\":750,\"height\":250,\"caption\":\"Teracon Gestion Immobili\u00e8re\"},\"image\":{\"@id\":\"https:\\\/\\\/teracon.ca\\\/en\\\/#\\\/schema\\\/logo\\\/image\\\/\"},\"sameAs\":[\"https:\\\/\\\/www.facebook.com\\\/TeraconGestionimmobiliere\",\"https:\\\/\\\/x.com\\\/gesteracon\",\"https:\\\/\\\/www.linkedin.com\\\/company\\\/teracon-property-management-inc-\\\/?viewAsMember=true\"]}]}<\/script>\n<!-- \/ Yoast SEO plugin. -->","yoast_head_json":{"title":"Contact - TERACON","robots":{"index":"index","follow":"follow","max-snippet":"max-snippet:-1","max-image-preview":"max-image-preview:large","max-video-preview":"max-video-preview:-1"},"canonical":"https:\/\/teracon.ca\/en\/contact\/","og_locale":"en_US","og_type":"article","og_title":"Contact - TERACON","og_description":"GET IN TOUCH!To reach our customer service department or to send us an email. Head Office8760, Pascal-GagnonMontreal, (Quebec) H1P 1Z3 Tel. : 514-355-8500 Fax. : 514-355-8589 Your name (required) Your Email (required) Phone number Subject Your Message Please prove you are human by selecting the plane. PARTNERSTeracon Property Management surrounds itself with strategic partners who offer it the flexibility and ... Read More","og_url":"https:\/\/teracon.ca\/en\/contact\/","og_site_name":"TERACON","article_publisher":"https:\/\/www.facebook.com\/TeraconGestionimmobiliere","article_modified_time":"2021-11-24T14:46:24+00:00","og_image":[{"width":750,"height":250,"url":"https:\/\/teracon.ca\/wp-content\/uploads\/2020\/02\/LogoTeracon_750px.gif","type":"image\/gif"}],"twitter_card":"summary_large_image","twitter_site":"@gesteracon","twitter_misc":{"Est. reading time":"1 minute"},"schema":{"@context":"https:\/\/schema.org","@graph":[{"@type":"WebPage","@id":"https:\/\/teracon.ca\/en\/contact\/","url":"https:\/\/teracon.ca\/en\/contact\/","name":"Contact - TERACON","isPartOf":{"@id":"https:\/\/teracon.ca\/en\/#website"},"datePublished":"2020-04-21T15:11:31+00:00","dateModified":"2021-11-24T14:46:24+00:00","breadcrumb":{"@id":"https:\/\/teracon.ca\/en\/contact\/#breadcrumb"},"inLanguage":"en-US","potentialAction":[{"@type":"ReadAction","target":["https:\/\/teracon.ca\/en\/contact\/"]}]},{"@type":"BreadcrumbList","@id":"https:\/\/teracon.ca\/en\/contact\/#breadcrumb","itemListElement":[{"@type":"ListItem","position":1,"name":"Accueil","item":"https:\/\/teracon.ca\/en\/home\/"},{"@type":"ListItem","position":2,"name":"Contact"}]},{"@type":"WebSite","@id":"https:\/\/teracon.ca\/en\/#website","url":"https:\/\/teracon.ca\/en\/","name":"TERACON","description":"Nous donnons aux investisseurs immobiliers le temps et la capacit\u00e9 de poursuivre leurs r\u00eaves en leur fournissant de l\u2019information de qualit\u00e9, une vision strat\u00e9gique et des services de gestion immobili\u00e8re sur mesure et professionnels.","publisher":{"@id":"https:\/\/teracon.ca\/en\/#organization"},"potentialAction":[{"@type":"SearchAction","target":{"@type":"EntryPoint","urlTemplate":"https:\/\/teracon.ca\/en\/?s={search_term_string}"},"query-input":{"@type":"PropertyValueSpecification","valueRequired":true,"valueName":"search_term_string"}}],"inLanguage":"en-US"},{"@type":"Organization","@id":"https:\/\/teracon.ca\/en\/#organization","name":"Teracon Gestion Immobili\u00e8re","url":"https:\/\/teracon.ca\/en\/","logo":{"@type":"ImageObject","inLanguage":"en-US","@id":"https:\/\/teracon.ca\/en\/#\/schema\/logo\/image\/","url":"https:\/\/teracon.ca\/wp-content\/uploads\/2020\/02\/LogoTeracon_750px.gif","contentUrl":"https:\/\/teracon.ca\/wp-content\/uploads\/2020\/02\/LogoTeracon_750px.gif","width":750,"height":250,"caption":"Teracon Gestion Immobili\u00e8re"},"image":{"@id":"https:\/\/teracon.ca\/en\/#\/schema\/logo\/image\/"},"sameAs":["https:\/\/www.facebook.com\/TeraconGestionimmobiliere","https:\/\/x.com\/gesteracon","https:\/\/www.linkedin.com\/company\/teracon-property-management-inc-\/?viewAsMember=true"]}]}},"_links":{"self":[{"href":"https:\/\/teracon.ca\/en\/wp-json\/wp\/v2\/pages\/411","targetHints":{"allow":["GET"]}}],"collection":[{"href":"https:\/\/teracon.ca\/en\/wp-json\/wp\/v2\/pages"}],"about":[{"href":"https:\/\/teracon.ca\/en\/wp-json\/wp\/v2\/types\/page"}],"author":[{"embeddable":true,"href":"https:\/\/teracon.ca\/en\/wp-json\/wp\/v2\/users\/1"}],"replies":[{"embeddable":true,"href":"https:\/\/teracon.ca\/en\/wp-json\/wp\/v2\/comments?post=411"}],"version-history":[{"count":12,"href":"https:\/\/teracon.ca\/en\/wp-json\/wp\/v2\/pages\/411\/revisions"}],"predecessor-version":[{"id":1246,"href":"https:\/\/teracon.ca\/en\/wp-json\/wp\/v2\/pages\/411\/revisions\/1246"}],"wp:attachment":[{"href":"https:\/\/teracon.ca\/en\/wp-json\/wp\/v2\/media?parent=411"}],"curies":[{"name":"wp","href":"https:\/\/api.w.org\/{rel}","templated":true}]}}