{"id":418,"date":"2020-04-21T11:26:41","date_gmt":"2020-04-21T15:26:41","guid":{"rendered":"http:\/\/erables.ca\/teracon.ca?page_id=418"},"modified":"2020-10-14T16:06:39","modified_gmt":"2020-10-14T20:06:39","slug":"careers","status":"publish","type":"page","link":"https:\/\/teracon.ca\/en\/careers\/","title":{"rendered":"Careers"},"content":{"rendered":"<div id=\"cs-content\" class=\"cs-content\"><\/div>\n","protected":false},"excerpt":{"rendered":"<p>CareersJOIN OUR TEAM! Teracon Property Management offers interesting career opportunities, an open and positive work environment, the chance to make your mark and be part of a team of real estate specialists. If you are customer-oriented and have a passion for real estate, we want to talk to you! Your name (mandatory) Your email address (mandatory) Subject Your message Your &#8230; <\/p>\n<div><a href=\"https:\/\/teracon.ca\/en\/careers\/\" class=\"more-link\">Read More<\/a><\/div>\n","protected":false},"author":1,"featured_media":0,"parent":0,"menu_order":0,"comment_status":"closed","ping_status":"closed","template":"template-blank-4.php","meta":{"footnotes":""},"class_list":["post-418","page","type-page","status-publish","hentry","no-post-thumbnail"],"yoast_head":"<!-- This site is optimized with the Yoast SEO plugin v27.5 - https:\/\/yoast.com\/product\/yoast-seo-wordpress\/ -->\n<title>Careers - TERACON<\/title>\n<meta name=\"robots\" content=\"index, follow, max-snippet:-1, max-image-preview:large, max-video-preview:-1\" \/>\n<link rel=\"canonical\" href=\"https:\/\/teracon.ca\/en\/careers\/\" \/>\n<meta property=\"og:locale\" content=\"en_US\" \/>\n<meta property=\"og:type\" content=\"article\" \/>\n<meta property=\"og:title\" content=\"Careers - TERACON\" \/>\n<meta property=\"og:description\" content=\"CareersJOIN OUR TEAM! Teracon Property Management offers interesting career opportunities, an open and positive work environment, the chance to make your mark and be part of a team of real estate specialists. If you are customer-oriented and have a passion for real estate, we want to talk to you! Your name (mandatory) Your email address (mandatory) Subject Your message Your ... Read More\" \/>\n<meta property=\"og:url\" content=\"https:\/\/teracon.ca\/en\/careers\/\" \/>\n<meta property=\"og:site_name\" content=\"TERACON\" \/>\n<meta property=\"article:publisher\" content=\"https:\/\/www.facebook.com\/TeraconGestionimmobiliere\" \/>\n<meta property=\"article:modified_time\" content=\"2020-10-14T20:06:39+00:00\" \/>\n<meta property=\"og:image\" content=\"https:\/\/teracon.ca\/wp-content\/uploads\/2020\/02\/LogoTeracon_750px.gif\" \/>\n\t<meta property=\"og:image:width\" content=\"750\" \/>\n\t<meta property=\"og:image:height\" content=\"250\" \/>\n\t<meta property=\"og:image:type\" content=\"image\/gif\" \/>\n<meta name=\"twitter:card\" content=\"summary_large_image\" \/>\n<meta name=\"twitter:site\" content=\"@gesteracon\" \/>\n<meta name=\"twitter:label1\" content=\"Est. reading time\" \/>\n\t<meta name=\"twitter:data1\" content=\"1 minute\" \/>\n<script type=\"application\/ld+json\" class=\"yoast-schema-graph\">{\"@context\":\"https:\\\/\\\/schema.org\",\"@graph\":[{\"@type\":\"WebPage\",\"@id\":\"https:\\\/\\\/teracon.ca\\\/en\\\/careers\\\/\",\"url\":\"https:\\\/\\\/teracon.ca\\\/en\\\/careers\\\/\",\"name\":\"Careers - TERACON\",\"isPartOf\":{\"@id\":\"https:\\\/\\\/teracon.ca\\\/en\\\/#website\"},\"datePublished\":\"2020-04-21T15:26:41+00:00\",\"dateModified\":\"2020-10-14T20:06:39+00:00\",\"breadcrumb\":{\"@id\":\"https:\\\/\\\/teracon.ca\\\/en\\\/careers\\\/#breadcrumb\"},\"inLanguage\":\"en-US\",\"potentialAction\":[{\"@type\":\"ReadAction\",\"target\":[\"https:\\\/\\\/teracon.ca\\\/en\\\/careers\\\/\"]}]},{\"@type\":\"BreadcrumbList\",\"@id\":\"https:\\\/\\\/teracon.ca\\\/en\\\/careers\\\/#breadcrumb\",\"itemListElement\":[{\"@type\":\"ListItem\",\"position\":1,\"name\":\"Accueil\",\"item\":\"https:\\\/\\\/teracon.ca\\\/en\\\/home\\\/\"},{\"@type\":\"ListItem\",\"position\":2,\"name\":\"Careers\"}]},{\"@type\":\"WebSite\",\"@id\":\"https:\\\/\\\/teracon.ca\\\/en\\\/#website\",\"url\":\"https:\\\/\\\/teracon.ca\\\/en\\\/\",\"name\":\"TERACON\",\"description\":\"Nous donnons aux investisseurs immobiliers le temps et la capacit\u00e9 de poursuivre leurs r\u00eaves en leur fournissant de l\u2019information de qualit\u00e9, une vision strat\u00e9gique et des services de gestion immobili\u00e8re sur mesure et professionnels.\",\"publisher\":{\"@id\":\"https:\\\/\\\/teracon.ca\\\/en\\\/#organization\"},\"potentialAction\":[{\"@type\":\"SearchAction\",\"target\":{\"@type\":\"EntryPoint\",\"urlTemplate\":\"https:\\\/\\\/teracon.ca\\\/en\\\/?s={search_term_string}\"},\"query-input\":{\"@type\":\"PropertyValueSpecification\",\"valueRequired\":true,\"valueName\":\"search_term_string\"}}],\"inLanguage\":\"en-US\"},{\"@type\":\"Organization\",\"@id\":\"https:\\\/\\\/teracon.ca\\\/en\\\/#organization\",\"name\":\"Teracon Gestion Immobili\u00e8re\",\"url\":\"https:\\\/\\\/teracon.ca\\\/en\\\/\",\"logo\":{\"@type\":\"ImageObject\",\"inLanguage\":\"en-US\",\"@id\":\"https:\\\/\\\/teracon.ca\\\/en\\\/#\\\/schema\\\/logo\\\/image\\\/\",\"url\":\"https:\\\/\\\/teracon.ca\\\/wp-content\\\/uploads\\\/2020\\\/02\\\/LogoTeracon_750px.gif\",\"contentUrl\":\"https:\\\/\\\/teracon.ca\\\/wp-content\\\/uploads\\\/2020\\\/02\\\/LogoTeracon_750px.gif\",\"width\":750,\"height\":250,\"caption\":\"Teracon Gestion Immobili\u00e8re\"},\"image\":{\"@id\":\"https:\\\/\\\/teracon.ca\\\/en\\\/#\\\/schema\\\/logo\\\/image\\\/\"},\"sameAs\":[\"https:\\\/\\\/www.facebook.com\\\/TeraconGestionimmobiliere\",\"https:\\\/\\\/x.com\\\/gesteracon\",\"https:\\\/\\\/www.linkedin.com\\\/company\\\/teracon-property-management-inc-\\\/?viewAsMember=true\"]}]}<\/script>\n<!-- \/ Yoast SEO plugin. -->","yoast_head_json":{"title":"Careers - TERACON","robots":{"index":"index","follow":"follow","max-snippet":"max-snippet:-1","max-image-preview":"max-image-preview:large","max-video-preview":"max-video-preview:-1"},"canonical":"https:\/\/teracon.ca\/en\/careers\/","og_locale":"en_US","og_type":"article","og_title":"Careers - TERACON","og_description":"CareersJOIN OUR TEAM! Teracon Property Management offers interesting career opportunities, an open and positive work environment, the chance to make your mark and be part of a team of real estate specialists. If you are customer-oriented and have a passion for real estate, we want to talk to you! Your name (mandatory) Your email address (mandatory) Subject Your message Your ... Read More","og_url":"https:\/\/teracon.ca\/en\/careers\/","og_site_name":"TERACON","article_publisher":"https:\/\/www.facebook.com\/TeraconGestionimmobiliere","article_modified_time":"2020-10-14T20:06:39+00:00","og_image":[{"width":750,"height":250,"url":"https:\/\/teracon.ca\/wp-content\/uploads\/2020\/02\/LogoTeracon_750px.gif","type":"image\/gif"}],"twitter_card":"summary_large_image","twitter_site":"@gesteracon","twitter_misc":{"Est. reading time":"1 minute"},"schema":{"@context":"https:\/\/schema.org","@graph":[{"@type":"WebPage","@id":"https:\/\/teracon.ca\/en\/careers\/","url":"https:\/\/teracon.ca\/en\/careers\/","name":"Careers - TERACON","isPartOf":{"@id":"https:\/\/teracon.ca\/en\/#website"},"datePublished":"2020-04-21T15:26:41+00:00","dateModified":"2020-10-14T20:06:39+00:00","breadcrumb":{"@id":"https:\/\/teracon.ca\/en\/careers\/#breadcrumb"},"inLanguage":"en-US","potentialAction":[{"@type":"ReadAction","target":["https:\/\/teracon.ca\/en\/careers\/"]}]},{"@type":"BreadcrumbList","@id":"https:\/\/teracon.ca\/en\/careers\/#breadcrumb","itemListElement":[{"@type":"ListItem","position":1,"name":"Accueil","item":"https:\/\/teracon.ca\/en\/home\/"},{"@type":"ListItem","position":2,"name":"Careers"}]},{"@type":"WebSite","@id":"https:\/\/teracon.ca\/en\/#website","url":"https:\/\/teracon.ca\/en\/","name":"TERACON","description":"Nous donnons aux investisseurs immobiliers le temps et la capacit\u00e9 de poursuivre leurs r\u00eaves en leur fournissant de l\u2019information de qualit\u00e9, une vision strat\u00e9gique et des services de gestion immobili\u00e8re sur mesure et professionnels.","publisher":{"@id":"https:\/\/teracon.ca\/en\/#organization"},"potentialAction":[{"@type":"SearchAction","target":{"@type":"EntryPoint","urlTemplate":"https:\/\/teracon.ca\/en\/?s={search_term_string}"},"query-input":{"@type":"PropertyValueSpecification","valueRequired":true,"valueName":"search_term_string"}}],"inLanguage":"en-US"},{"@type":"Organization","@id":"https:\/\/teracon.ca\/en\/#organization","name":"Teracon Gestion Immobili\u00e8re","url":"https:\/\/teracon.ca\/en\/","logo":{"@type":"ImageObject","inLanguage":"en-US","@id":"https:\/\/teracon.ca\/en\/#\/schema\/logo\/image\/","url":"https:\/\/teracon.ca\/wp-content\/uploads\/2020\/02\/LogoTeracon_750px.gif","contentUrl":"https:\/\/teracon.ca\/wp-content\/uploads\/2020\/02\/LogoTeracon_750px.gif","width":750,"height":250,"caption":"Teracon Gestion Immobili\u00e8re"},"image":{"@id":"https:\/\/teracon.ca\/en\/#\/schema\/logo\/image\/"},"sameAs":["https:\/\/www.facebook.com\/TeraconGestionimmobiliere","https:\/\/x.com\/gesteracon","https:\/\/www.linkedin.com\/company\/teracon-property-management-inc-\/?viewAsMember=true"]}]}},"_links":{"self":[{"href":"https:\/\/teracon.ca\/en\/wp-json\/wp\/v2\/pages\/418","targetHints":{"allow":["GET"]}}],"collection":[{"href":"https:\/\/teracon.ca\/en\/wp-json\/wp\/v2\/pages"}],"about":[{"href":"https:\/\/teracon.ca\/en\/wp-json\/wp\/v2\/types\/page"}],"author":[{"embeddable":true,"href":"https:\/\/teracon.ca\/en\/wp-json\/wp\/v2\/users\/1"}],"replies":[{"embeddable":true,"href":"https:\/\/teracon.ca\/en\/wp-json\/wp\/v2\/comments?post=418"}],"version-history":[{"count":11,"href":"https:\/\/teracon.ca\/en\/wp-json\/wp\/v2\/pages\/418\/revisions"}],"predecessor-version":[{"id":984,"href":"https:\/\/teracon.ca\/en\/wp-json\/wp\/v2\/pages\/418\/revisions\/984"}],"wp:attachment":[{"href":"https:\/\/teracon.ca\/en\/wp-json\/wp\/v2\/media?parent=418"}],"curies":[{"name":"wp","href":"https:\/\/api.w.org\/{rel}","templated":true}]}}