{"id":423,"date":"2020-04-21T11:46:55","date_gmt":"2020-04-21T15:46:55","guid":{"rendered":"http:\/\/erables.ca\/teracon.ca?page_id=423"},"modified":"2021-11-24T09:40:56","modified_gmt":"2021-11-24T14:40:56","slug":"property-management","status":"publish","type":"page","link":"https:\/\/teracon.ca\/en\/property-management\/","title":{"rendered":"Property management"},"content":{"rendered":"<div id=\"cs-content\" class=\"cs-content\"><\/div>\n","protected":false},"excerpt":{"rendered":"<p>Strategic property management building a winning partnership Strategic property management simplify your daily life simplify your daily life strategic partner in value creation Strategic property management simplify your daily life VALUE-ADDED Property managementTeracon Property Management is a leader in property management. Our services are available to owners of all types of buildings in the Greater Montreal Area:Industrial property management Commercial &#8230; <\/p>\n<div><a href=\"https:\/\/teracon.ca\/en\/property-management\/\" class=\"more-link\">Read More<\/a><\/div>\n","protected":false},"author":1,"featured_media":0,"parent":0,"menu_order":0,"comment_status":"closed","ping_status":"closed","template":"template-blank-4.php","meta":{"footnotes":""},"class_list":["post-423","page","type-page","status-publish","hentry","no-post-thumbnail"],"yoast_head":"<!-- This site is optimized with the Yoast SEO plugin v27.5 - https:\/\/yoast.com\/product\/yoast-seo-wordpress\/ -->\n<title>Property management - TERACON<\/title>\n<meta name=\"robots\" content=\"index, follow, max-snippet:-1, max-image-preview:large, max-video-preview:-1\" \/>\n<link rel=\"canonical\" href=\"https:\/\/teracon.ca\/en\/property-management\/\" \/>\n<meta property=\"og:locale\" content=\"en_US\" \/>\n<meta property=\"og:type\" content=\"article\" \/>\n<meta property=\"og:title\" content=\"Property management - TERACON\" \/>\n<meta property=\"og:description\" content=\"Strategic property management building a winning partnership Strategic property management simplify your daily life simplify your daily life strategic partner in value creation Strategic property management simplify your daily life VALUE-ADDED Property managementTeracon Property Management is a leader in property management. Our services are available to owners of all types of buildings in the Greater Montreal Area:Industrial property management Commercial ... Read More\" \/>\n<meta property=\"og:url\" content=\"https:\/\/teracon.ca\/en\/property-management\/\" \/>\n<meta property=\"og:site_name\" content=\"TERACON\" \/>\n<meta property=\"article:publisher\" content=\"https:\/\/www.facebook.com\/TeraconGestionimmobiliere\" \/>\n<meta property=\"article:modified_time\" content=\"2021-11-24T14:40:56+00:00\" \/>\n<meta property=\"og:image\" content=\"https:\/\/teracon.ca\/wp-content\/uploads\/2020\/02\/LogoTeracon_750px.gif\" \/>\n\t<meta property=\"og:image:width\" content=\"750\" \/>\n\t<meta property=\"og:image:height\" content=\"250\" \/>\n\t<meta property=\"og:image:type\" content=\"image\/gif\" \/>\n<meta name=\"twitter:card\" content=\"summary_large_image\" \/>\n<meta name=\"twitter:site\" content=\"@gesteracon\" \/>\n<meta name=\"twitter:label1\" content=\"Est. reading time\" \/>\n\t<meta name=\"twitter:data1\" content=\"2 minutes\" \/>\n<script type=\"application\/ld+json\" class=\"yoast-schema-graph\">{\"@context\":\"https:\\\/\\\/schema.org\",\"@graph\":[{\"@type\":\"WebPage\",\"@id\":\"https:\\\/\\\/teracon.ca\\\/en\\\/property-management\\\/\",\"url\":\"https:\\\/\\\/teracon.ca\\\/en\\\/property-management\\\/\",\"name\":\"Property management - TERACON\",\"isPartOf\":{\"@id\":\"https:\\\/\\\/teracon.ca\\\/en\\\/#website\"},\"datePublished\":\"2020-04-21T15:46:55+00:00\",\"dateModified\":\"2021-11-24T14:40:56+00:00\",\"breadcrumb\":{\"@id\":\"https:\\\/\\\/teracon.ca\\\/en\\\/property-management\\\/#breadcrumb\"},\"inLanguage\":\"en-US\",\"potentialAction\":[{\"@type\":\"ReadAction\",\"target\":[\"https:\\\/\\\/teracon.ca\\\/en\\\/property-management\\\/\"]}]},{\"@type\":\"BreadcrumbList\",\"@id\":\"https:\\\/\\\/teracon.ca\\\/en\\\/property-management\\\/#breadcrumb\",\"itemListElement\":[{\"@type\":\"ListItem\",\"position\":1,\"name\":\"Accueil\",\"item\":\"https:\\\/\\\/teracon.ca\\\/en\\\/home\\\/\"},{\"@type\":\"ListItem\",\"position\":2,\"name\":\"Property management\"}]},{\"@type\":\"WebSite\",\"@id\":\"https:\\\/\\\/teracon.ca\\\/en\\\/#website\",\"url\":\"https:\\\/\\\/teracon.ca\\\/en\\\/\",\"name\":\"TERACON\",\"description\":\"Nous donnons aux investisseurs immobiliers le temps et la capacit\u00e9 de poursuivre leurs r\u00eaves en leur fournissant de l\u2019information de qualit\u00e9, une vision strat\u00e9gique et des services de gestion immobili\u00e8re sur mesure et professionnels.\",\"publisher\":{\"@id\":\"https:\\\/\\\/teracon.ca\\\/en\\\/#organization\"},\"potentialAction\":[{\"@type\":\"SearchAction\",\"target\":{\"@type\":\"EntryPoint\",\"urlTemplate\":\"https:\\\/\\\/teracon.ca\\\/en\\\/?s={search_term_string}\"},\"query-input\":{\"@type\":\"PropertyValueSpecification\",\"valueRequired\":true,\"valueName\":\"search_term_string\"}}],\"inLanguage\":\"en-US\"},{\"@type\":\"Organization\",\"@id\":\"https:\\\/\\\/teracon.ca\\\/en\\\/#organization\",\"name\":\"Teracon Gestion Immobili\u00e8re\",\"url\":\"https:\\\/\\\/teracon.ca\\\/en\\\/\",\"logo\":{\"@type\":\"ImageObject\",\"inLanguage\":\"en-US\",\"@id\":\"https:\\\/\\\/teracon.ca\\\/en\\\/#\\\/schema\\\/logo\\\/image\\\/\",\"url\":\"https:\\\/\\\/teracon.ca\\\/wp-content\\\/uploads\\\/2020\\\/02\\\/LogoTeracon_750px.gif\",\"contentUrl\":\"https:\\\/\\\/teracon.ca\\\/wp-content\\\/uploads\\\/2020\\\/02\\\/LogoTeracon_750px.gif\",\"width\":750,\"height\":250,\"caption\":\"Teracon Gestion Immobili\u00e8re\"},\"image\":{\"@id\":\"https:\\\/\\\/teracon.ca\\\/en\\\/#\\\/schema\\\/logo\\\/image\\\/\"},\"sameAs\":[\"https:\\\/\\\/www.facebook.com\\\/TeraconGestionimmobiliere\",\"https:\\\/\\\/x.com\\\/gesteracon\",\"https:\\\/\\\/www.linkedin.com\\\/company\\\/teracon-property-management-inc-\\\/?viewAsMember=true\"]}]}<\/script>\n<!-- \/ Yoast SEO plugin. -->","yoast_head_json":{"title":"Property management - TERACON","robots":{"index":"index","follow":"follow","max-snippet":"max-snippet:-1","max-image-preview":"max-image-preview:large","max-video-preview":"max-video-preview:-1"},"canonical":"https:\/\/teracon.ca\/en\/property-management\/","og_locale":"en_US","og_type":"article","og_title":"Property management - TERACON","og_description":"Strategic property management building a winning partnership Strategic property management simplify your daily life simplify your daily life strategic partner in value creation Strategic property management simplify your daily life VALUE-ADDED Property managementTeracon Property Management is a leader in property management. Our services are available to owners of all types of buildings in the Greater Montreal Area:Industrial property management Commercial ... Read More","og_url":"https:\/\/teracon.ca\/en\/property-management\/","og_site_name":"TERACON","article_publisher":"https:\/\/www.facebook.com\/TeraconGestionimmobiliere","article_modified_time":"2021-11-24T14:40:56+00:00","og_image":[{"width":750,"height":250,"url":"https:\/\/teracon.ca\/wp-content\/uploads\/2020\/02\/LogoTeracon_750px.gif","type":"image\/gif"}],"twitter_card":"summary_large_image","twitter_site":"@gesteracon","twitter_misc":{"Est. reading time":"2 minutes"},"schema":{"@context":"https:\/\/schema.org","@graph":[{"@type":"WebPage","@id":"https:\/\/teracon.ca\/en\/property-management\/","url":"https:\/\/teracon.ca\/en\/property-management\/","name":"Property management - TERACON","isPartOf":{"@id":"https:\/\/teracon.ca\/en\/#website"},"datePublished":"2020-04-21T15:46:55+00:00","dateModified":"2021-11-24T14:40:56+00:00","breadcrumb":{"@id":"https:\/\/teracon.ca\/en\/property-management\/#breadcrumb"},"inLanguage":"en-US","potentialAction":[{"@type":"ReadAction","target":["https:\/\/teracon.ca\/en\/property-management\/"]}]},{"@type":"BreadcrumbList","@id":"https:\/\/teracon.ca\/en\/property-management\/#breadcrumb","itemListElement":[{"@type":"ListItem","position":1,"name":"Accueil","item":"https:\/\/teracon.ca\/en\/home\/"},{"@type":"ListItem","position":2,"name":"Property management"}]},{"@type":"WebSite","@id":"https:\/\/teracon.ca\/en\/#website","url":"https:\/\/teracon.ca\/en\/","name":"TERACON","description":"Nous donnons aux investisseurs immobiliers le temps et la capacit\u00e9 de poursuivre leurs r\u00eaves en leur fournissant de l\u2019information de qualit\u00e9, une vision strat\u00e9gique et des services de gestion immobili\u00e8re sur mesure et professionnels.","publisher":{"@id":"https:\/\/teracon.ca\/en\/#organization"},"potentialAction":[{"@type":"SearchAction","target":{"@type":"EntryPoint","urlTemplate":"https:\/\/teracon.ca\/en\/?s={search_term_string}"},"query-input":{"@type":"PropertyValueSpecification","valueRequired":true,"valueName":"search_term_string"}}],"inLanguage":"en-US"},{"@type":"Organization","@id":"https:\/\/teracon.ca\/en\/#organization","name":"Teracon Gestion Immobili\u00e8re","url":"https:\/\/teracon.ca\/en\/","logo":{"@type":"ImageObject","inLanguage":"en-US","@id":"https:\/\/teracon.ca\/en\/#\/schema\/logo\/image\/","url":"https:\/\/teracon.ca\/wp-content\/uploads\/2020\/02\/LogoTeracon_750px.gif","contentUrl":"https:\/\/teracon.ca\/wp-content\/uploads\/2020\/02\/LogoTeracon_750px.gif","width":750,"height":250,"caption":"Teracon Gestion Immobili\u00e8re"},"image":{"@id":"https:\/\/teracon.ca\/en\/#\/schema\/logo\/image\/"},"sameAs":["https:\/\/www.facebook.com\/TeraconGestionimmobiliere","https:\/\/x.com\/gesteracon","https:\/\/www.linkedin.com\/company\/teracon-property-management-inc-\/?viewAsMember=true"]}]}},"_links":{"self":[{"href":"https:\/\/teracon.ca\/en\/wp-json\/wp\/v2\/pages\/423","targetHints":{"allow":["GET"]}}],"collection":[{"href":"https:\/\/teracon.ca\/en\/wp-json\/wp\/v2\/pages"}],"about":[{"href":"https:\/\/teracon.ca\/en\/wp-json\/wp\/v2\/types\/page"}],"author":[{"embeddable":true,"href":"https:\/\/teracon.ca\/en\/wp-json\/wp\/v2\/users\/1"}],"replies":[{"embeddable":true,"href":"https:\/\/teracon.ca\/en\/wp-json\/wp\/v2\/comments?post=423"}],"version-history":[{"count":15,"href":"https:\/\/teracon.ca\/en\/wp-json\/wp\/v2\/pages\/423\/revisions"}],"predecessor-version":[{"id":1242,"href":"https:\/\/teracon.ca\/en\/wp-json\/wp\/v2\/pages\/423\/revisions\/1242"}],"wp:attachment":[{"href":"https:\/\/teracon.ca\/en\/wp-json\/wp\/v2\/media?parent=423"}],"curies":[{"name":"wp","href":"https:\/\/api.w.org\/{rel}","templated":true}]}}