{"id":841,"date":"2020-09-22T11:05:42","date_gmt":"2020-09-22T15:05:42","guid":{"rendered":"http:\/\/erables.ca\/teracon.ca?page_id=841"},"modified":"2020-10-14T11:31:17","modified_gmt":"2020-10-14T15:31:17","slug":"listings","status":"publish","type":"page","link":"https:\/\/teracon.ca\/en\/listings\/","title":{"rendered":"Listings"},"content":{"rendered":"<div id=\"cs-content\" class=\"cs-content\"><\/div>\n","protected":false},"excerpt":{"rendered":"<p>AVAILABILITY[ere_advanced_search]AVAILABILITY \u00c0 LOUER \u00c0 VENDRE \u00c0 SOUS-LOUER BUREAUCOMMERCIALINDUSTRIELR\u00c9SIDENTIEL Tous les types Baie-D&#8217;Urf\u00e9BeaconsfieldCh\u00e2teauguayC\u00f4te-Saint-LucDollard-des-OrmeauxDorvalHampsteadKirklandL&#8217;Ile-DorvalLavalMontr\u00e9alMontr\u00e9al-EstMontr\u00e9al-OuestPointe-ClaireSainte-Anne-de-BellevueSennevilleVille Mont-RoyalWestmount Toutes les villes Prix [$0 &#8211; $0] Superficie [10 &#8211; 1000] SqFt Rechercher R\u00e9sultats (3) Trier par Tri par d\u00e9faut En vedette Plus de vues Prix (du plus bas) Prix (du plus \u00e9lev\u00e9) Date (du plus ancien) Date (du plus r\u00e9cent) DISPONIBLE MAINTENANT \u00c0 LOUER 8725 Pascal-Gagnon &#8230; <\/p>\n<div><a href=\"https:\/\/teracon.ca\/en\/listings\/\" class=\"more-link\">Read More<\/a><\/div>\n","protected":false},"author":1,"featured_media":0,"parent":0,"menu_order":0,"comment_status":"closed","ping_status":"closed","template":"template-blank-4.php","meta":{"footnotes":""},"class_list":["post-841","page","type-page","status-publish","hentry","no-post-thumbnail"],"yoast_head":"<!-- This site is optimized with the Yoast SEO plugin v27.5 - https:\/\/yoast.com\/product\/yoast-seo-wordpress\/ -->\n<title>Listings - TERACON<\/title>\n<meta name=\"robots\" content=\"index, follow, max-snippet:-1, max-image-preview:large, max-video-preview:-1\" \/>\n<link rel=\"canonical\" href=\"https:\/\/teracon.ca\/en\/listings\/\" \/>\n<meta property=\"og:locale\" content=\"en_US\" \/>\n<meta property=\"og:type\" content=\"article\" \/>\n<meta property=\"og:title\" content=\"Listings - TERACON\" \/>\n<meta property=\"og:description\" content=\"AVAILABILITY[ere_advanced_search]AVAILABILITY \u00c0 LOUER \u00c0 VENDRE \u00c0 SOUS-LOUER BUREAUCOMMERCIALINDUSTRIELR\u00c9SIDENTIEL Tous les types Baie-D&#8217;Urf\u00e9BeaconsfieldCh\u00e2teauguayC\u00f4te-Saint-LucDollard-des-OrmeauxDorvalHampsteadKirklandL&#8217;Ile-DorvalLavalMontr\u00e9alMontr\u00e9al-EstMontr\u00e9al-OuestPointe-ClaireSainte-Anne-de-BellevueSennevilleVille Mont-RoyalWestmount Toutes les villes Prix [$0 &#8211; $0] Superficie [10 &#8211; 1000] SqFt Rechercher R\u00e9sultats (3) Trier par Tri par d\u00e9faut En vedette Plus de vues Prix (du plus bas) Prix (du plus \u00e9lev\u00e9) Date (du plus ancien) Date (du plus r\u00e9cent) DISPONIBLE MAINTENANT \u00c0 LOUER 8725 Pascal-Gagnon ... Read More\" \/>\n<meta property=\"og:url\" content=\"https:\/\/teracon.ca\/en\/listings\/\" \/>\n<meta property=\"og:site_name\" content=\"TERACON\" \/>\n<meta property=\"article:publisher\" content=\"https:\/\/www.facebook.com\/TeraconGestionimmobiliere\" \/>\n<meta property=\"article:modified_time\" content=\"2020-10-14T15:31:17+00:00\" \/>\n<meta property=\"og:image\" content=\"https:\/\/teracon.ca\/wp-content\/uploads\/2020\/02\/LogoTeracon_750px.gif\" \/>\n\t<meta property=\"og:image:width\" content=\"750\" \/>\n\t<meta property=\"og:image:height\" content=\"250\" \/>\n\t<meta property=\"og:image:type\" content=\"image\/gif\" \/>\n<meta name=\"twitter:card\" content=\"summary_large_image\" \/>\n<meta name=\"twitter:site\" content=\"@gesteracon\" \/>\n<meta name=\"twitter:label1\" content=\"Est. reading time\" \/>\n\t<meta name=\"twitter:data1\" content=\"2 minutes\" \/>\n<script type=\"application\/ld+json\" class=\"yoast-schema-graph\">{\"@context\":\"https:\\\/\\\/schema.org\",\"@graph\":[{\"@type\":\"WebPage\",\"@id\":\"https:\\\/\\\/teracon.ca\\\/en\\\/listings\\\/\",\"url\":\"https:\\\/\\\/teracon.ca\\\/en\\\/listings\\\/\",\"name\":\"Listings - TERACON\",\"isPartOf\":{\"@id\":\"https:\\\/\\\/teracon.ca\\\/en\\\/#website\"},\"datePublished\":\"2020-09-22T15:05:42+00:00\",\"dateModified\":\"2020-10-14T15:31:17+00:00\",\"breadcrumb\":{\"@id\":\"https:\\\/\\\/teracon.ca\\\/en\\\/listings\\\/#breadcrumb\"},\"inLanguage\":\"en-US\",\"potentialAction\":[{\"@type\":\"ReadAction\",\"target\":[\"https:\\\/\\\/teracon.ca\\\/en\\\/listings\\\/\"]}]},{\"@type\":\"BreadcrumbList\",\"@id\":\"https:\\\/\\\/teracon.ca\\\/en\\\/listings\\\/#breadcrumb\",\"itemListElement\":[{\"@type\":\"ListItem\",\"position\":1,\"name\":\"Accueil\",\"item\":\"https:\\\/\\\/teracon.ca\\\/en\\\/home\\\/\"},{\"@type\":\"ListItem\",\"position\":2,\"name\":\"Listings\"}]},{\"@type\":\"WebSite\",\"@id\":\"https:\\\/\\\/teracon.ca\\\/en\\\/#website\",\"url\":\"https:\\\/\\\/teracon.ca\\\/en\\\/\",\"name\":\"TERACON\",\"description\":\"Nous donnons aux investisseurs immobiliers le temps et la capacit\u00e9 de poursuivre leurs r\u00eaves en leur fournissant de l\u2019information de qualit\u00e9, une vision strat\u00e9gique et des services de gestion immobili\u00e8re sur mesure et professionnels.\",\"publisher\":{\"@id\":\"https:\\\/\\\/teracon.ca\\\/en\\\/#organization\"},\"potentialAction\":[{\"@type\":\"SearchAction\",\"target\":{\"@type\":\"EntryPoint\",\"urlTemplate\":\"https:\\\/\\\/teracon.ca\\\/en\\\/?s={search_term_string}\"},\"query-input\":{\"@type\":\"PropertyValueSpecification\",\"valueRequired\":true,\"valueName\":\"search_term_string\"}}],\"inLanguage\":\"en-US\"},{\"@type\":\"Organization\",\"@id\":\"https:\\\/\\\/teracon.ca\\\/en\\\/#organization\",\"name\":\"Teracon Gestion Immobili\u00e8re\",\"url\":\"https:\\\/\\\/teracon.ca\\\/en\\\/\",\"logo\":{\"@type\":\"ImageObject\",\"inLanguage\":\"en-US\",\"@id\":\"https:\\\/\\\/teracon.ca\\\/en\\\/#\\\/schema\\\/logo\\\/image\\\/\",\"url\":\"https:\\\/\\\/teracon.ca\\\/wp-content\\\/uploads\\\/2020\\\/02\\\/LogoTeracon_750px.gif\",\"contentUrl\":\"https:\\\/\\\/teracon.ca\\\/wp-content\\\/uploads\\\/2020\\\/02\\\/LogoTeracon_750px.gif\",\"width\":750,\"height\":250,\"caption\":\"Teracon Gestion Immobili\u00e8re\"},\"image\":{\"@id\":\"https:\\\/\\\/teracon.ca\\\/en\\\/#\\\/schema\\\/logo\\\/image\\\/\"},\"sameAs\":[\"https:\\\/\\\/www.facebook.com\\\/TeraconGestionimmobiliere\",\"https:\\\/\\\/x.com\\\/gesteracon\",\"https:\\\/\\\/www.linkedin.com\\\/company\\\/teracon-property-management-inc-\\\/?viewAsMember=true\"]}]}<\/script>\n<!-- \/ Yoast SEO plugin. -->","yoast_head_json":{"title":"Listings - TERACON","robots":{"index":"index","follow":"follow","max-snippet":"max-snippet:-1","max-image-preview":"max-image-preview:large","max-video-preview":"max-video-preview:-1"},"canonical":"https:\/\/teracon.ca\/en\/listings\/","og_locale":"en_US","og_type":"article","og_title":"Listings - TERACON","og_description":"AVAILABILITY[ere_advanced_search]AVAILABILITY \u00c0 LOUER \u00c0 VENDRE \u00c0 SOUS-LOUER BUREAUCOMMERCIALINDUSTRIELR\u00c9SIDENTIEL Tous les types Baie-D&#8217;Urf\u00e9BeaconsfieldCh\u00e2teauguayC\u00f4te-Saint-LucDollard-des-OrmeauxDorvalHampsteadKirklandL&#8217;Ile-DorvalLavalMontr\u00e9alMontr\u00e9al-EstMontr\u00e9al-OuestPointe-ClaireSainte-Anne-de-BellevueSennevilleVille Mont-RoyalWestmount Toutes les villes Prix [$0 &#8211; $0] Superficie [10 &#8211; 1000] SqFt Rechercher R\u00e9sultats (3) Trier par Tri par d\u00e9faut En vedette Plus de vues Prix (du plus bas) Prix (du plus \u00e9lev\u00e9) Date (du plus ancien) Date (du plus r\u00e9cent) DISPONIBLE MAINTENANT \u00c0 LOUER 8725 Pascal-Gagnon ... Read More","og_url":"https:\/\/teracon.ca\/en\/listings\/","og_site_name":"TERACON","article_publisher":"https:\/\/www.facebook.com\/TeraconGestionimmobiliere","article_modified_time":"2020-10-14T15:31:17+00:00","og_image":[{"width":750,"height":250,"url":"https:\/\/teracon.ca\/wp-content\/uploads\/2020\/02\/LogoTeracon_750px.gif","type":"image\/gif"}],"twitter_card":"summary_large_image","twitter_site":"@gesteracon","twitter_misc":{"Est. reading time":"2 minutes"},"schema":{"@context":"https:\/\/schema.org","@graph":[{"@type":"WebPage","@id":"https:\/\/teracon.ca\/en\/listings\/","url":"https:\/\/teracon.ca\/en\/listings\/","name":"Listings - TERACON","isPartOf":{"@id":"https:\/\/teracon.ca\/en\/#website"},"datePublished":"2020-09-22T15:05:42+00:00","dateModified":"2020-10-14T15:31:17+00:00","breadcrumb":{"@id":"https:\/\/teracon.ca\/en\/listings\/#breadcrumb"},"inLanguage":"en-US","potentialAction":[{"@type":"ReadAction","target":["https:\/\/teracon.ca\/en\/listings\/"]}]},{"@type":"BreadcrumbList","@id":"https:\/\/teracon.ca\/en\/listings\/#breadcrumb","itemListElement":[{"@type":"ListItem","position":1,"name":"Accueil","item":"https:\/\/teracon.ca\/en\/home\/"},{"@type":"ListItem","position":2,"name":"Listings"}]},{"@type":"WebSite","@id":"https:\/\/teracon.ca\/en\/#website","url":"https:\/\/teracon.ca\/en\/","name":"TERACON","description":"Nous donnons aux investisseurs immobiliers le temps et la capacit\u00e9 de poursuivre leurs r\u00eaves en leur fournissant de l\u2019information de qualit\u00e9, une vision strat\u00e9gique et des services de gestion immobili\u00e8re sur mesure et professionnels.","publisher":{"@id":"https:\/\/teracon.ca\/en\/#organization"},"potentialAction":[{"@type":"SearchAction","target":{"@type":"EntryPoint","urlTemplate":"https:\/\/teracon.ca\/en\/?s={search_term_string}"},"query-input":{"@type":"PropertyValueSpecification","valueRequired":true,"valueName":"search_term_string"}}],"inLanguage":"en-US"},{"@type":"Organization","@id":"https:\/\/teracon.ca\/en\/#organization","name":"Teracon Gestion Immobili\u00e8re","url":"https:\/\/teracon.ca\/en\/","logo":{"@type":"ImageObject","inLanguage":"en-US","@id":"https:\/\/teracon.ca\/en\/#\/schema\/logo\/image\/","url":"https:\/\/teracon.ca\/wp-content\/uploads\/2020\/02\/LogoTeracon_750px.gif","contentUrl":"https:\/\/teracon.ca\/wp-content\/uploads\/2020\/02\/LogoTeracon_750px.gif","width":750,"height":250,"caption":"Teracon Gestion Immobili\u00e8re"},"image":{"@id":"https:\/\/teracon.ca\/en\/#\/schema\/logo\/image\/"},"sameAs":["https:\/\/www.facebook.com\/TeraconGestionimmobiliere","https:\/\/x.com\/gesteracon","https:\/\/www.linkedin.com\/company\/teracon-property-management-inc-\/?viewAsMember=true"]}]}},"_links":{"self":[{"href":"https:\/\/teracon.ca\/en\/wp-json\/wp\/v2\/pages\/841","targetHints":{"allow":["GET"]}}],"collection":[{"href":"https:\/\/teracon.ca\/en\/wp-json\/wp\/v2\/pages"}],"about":[{"href":"https:\/\/teracon.ca\/en\/wp-json\/wp\/v2\/types\/page"}],"author":[{"embeddable":true,"href":"https:\/\/teracon.ca\/en\/wp-json\/wp\/v2\/users\/1"}],"replies":[{"embeddable":true,"href":"https:\/\/teracon.ca\/en\/wp-json\/wp\/v2\/comments?post=841"}],"version-history":[{"count":7,"href":"https:\/\/teracon.ca\/en\/wp-json\/wp\/v2\/pages\/841\/revisions"}],"predecessor-version":[{"id":936,"href":"https:\/\/teracon.ca\/en\/wp-json\/wp\/v2\/pages\/841\/revisions\/936"}],"wp:attachment":[{"href":"https:\/\/teracon.ca\/en\/wp-json\/wp\/v2\/media?parent=841"}],"curies":[{"name":"wp","href":"https:\/\/api.w.org\/{rel}","templated":true}]}}